{"id":2,"date":"2021-02-10T16:31:05","date_gmt":"2021-02-10T16:31:05","guid":{"rendered":"https:\/\/eduna.ch\/?page_id=2"},"modified":"2021-03-15T10:54:09","modified_gmt":"2021-03-15T10:54:09","slug":"idee","status":"publish","type":"page","link":"https:\/\/eduna.ch\/index.php\/idee\/","title":{"rendered":"Idee"},"content":{"rendered":"\n<p>Im Rahmen der Weiterbildung &#8222;Zuger <strong>Naturlehre <\/strong>Projekt&#8220; f\u00fcr die <strong>Sekundarstufe 1<\/strong> entwickelte das Team <strong>ZuNaPro<\/strong> &#8211; <br>Alois Koller, Arthur Walker, Beat Kahn, Claude M\u00fcller, Karin Baumgartner, Lukas Birchler, Marco Pfrunder &#8211; <br>eine Reihe von <strong>Arbeitsunterlagen<\/strong>.<\/p>\n\n\n\n<p>Entstanden sind Arbeitsbl\u00e4tter mit <strong>L\u00f6sungen<\/strong>, <strong>Bildgalerien <\/strong>und <strong>Zeichnungen<\/strong>, <strong>Lektionsskizzen<\/strong>, <strong>Materiallisten<\/strong>, <strong>Planungsunterlagen <\/strong>mit <strong>Stoffverteilungspl\u00e4nen<\/strong>, <strong>Tests<\/strong>. <\/p>\n\n\n\n<h4 class=\"wp-block-heading\">Themen und Arbeitsunterlagen<\/h4>\n\n\n\n<div class=\"wp-block-media-text alignwide is-stacked-on-mobile\"><figure class=\"wp-block-media-text__media\"><img loading=\"lazy\" decoding=\"async\" width=\"653\" height=\"495\" src=\"https:\/\/eduna.ch\/wp-content\/uploads\/2021\/02\/ZuNaPro_Inhaltsverzeichnis.jpg\" alt=\"\" class=\"wp-image-383 size-full\" srcset=\"https:\/\/eduna.ch\/wp-content\/uploads\/2021\/02\/ZuNaPro_Inhaltsverzeichnis.jpg 653w, https:\/\/eduna.ch\/wp-content\/uploads\/2021\/02\/ZuNaPro_Inhaltsverzeichnis-300x227.jpg 300w\" sizes=\"auto, (max-width: 653px) 100vw, 653px\" \/><\/figure><div class=\"wp-block-media-text__content\">\n<p>Antriebsformen und Bewegung<br>Elektrizit\u00e4t<br>Energie<br>Ern\u00e4hrung und Verdauung<br>Fortpflanzung und Entwicklung<br>Genetik<br>Kommunikation<br>Kr\u00e4fte<br>Leben aus gr\u00fcnen Pflanzen<br>Lebenserscheinungen bei Mensch und Tier<br>Magnetismus<br>Stoffe<br>Unsere Welt, ein vernetztes System<br>Wasser als Lebensgrundlage<br>Welt um uns<br>Planung<\/p>\n<\/div><\/div>\n\n\n\n<div class=\"wp-block-media-text alignwide is-stacked-on-mobile\"><figure class=\"wp-block-media-text__media\"><img loading=\"lazy\" decoding=\"async\" width=\"650\" height=\"490\" src=\"https:\/\/eduna.ch\/wp-content\/uploads\/2021\/02\/ZuNaPro_DVD_Team.jpg\" alt=\"\" class=\"wp-image-395 size-full\" srcset=\"https:\/\/eduna.ch\/wp-content\/uploads\/2021\/02\/ZuNaPro_DVD_Team.jpg 650w, https:\/\/eduna.ch\/wp-content\/uploads\/2021\/02\/ZuNaPro_DVD_Team-300x226.jpg 300w\" sizes=\"auto, (max-width: 650px) 100vw, 650px\" \/><\/figure><div class=\"wp-block-media-text__content\">\n<p>Im Laufe der Arbeit entstand die Idee, die Arbeitsunterlagen allen interessierten Lehrpersonen zur Verf\u00fcgung zu stellen. <br><br>Die Arbeitsunterlagen mit<br>377 <strong>Textdateien <\/strong>auf 1662 <strong>Seiten <\/strong>und 1157 <strong>Illustrationen<\/strong> wurden auf einer CD (ohne Illustrationen), sp\u00e4ter auf einer DVD inkl. Illustrationen von Markus H\u00e4usler, ver\u00f6ffentlicht.<br><br>Die <strong>Textdateien <\/strong>sind editierbar (MS Word), die <strong>Illustrationen <\/strong>k\u00f6nnen beliebig eingesetzt werden (jpg-Format, tiff-Format).<\/p>\n<\/div><\/div>\n\n\n\n<p><\/p>\n","protected":false},"excerpt":{"rendered":"<p>Im Rahmen der Weiterbildung &#8222;Zuger Naturlehre Projekt&#8220; f\u00fcr die Sekundarstufe 1 entwickelte das Team ZuNaPro &#8211; Alois Koller, Arthur Walker, Beat Kahn, Claude M\u00fcller, Karin Baumgartner, Lukas Birchler, Marco Pfrunder &#8211; eine Reihe von Arbeitsunterlagen. Entstanden sind Arbeitsbl\u00e4tter mit L\u00f6sungen, Bildgalerien und Zeichnungen, Lektionsskizzen, Materiallisten, Planungsunterlagen mit Stoffverteilungspl\u00e4nen, Tests. Themen und Arbeitsunterlagen Antriebsformen und BewegungElektrizit\u00e4tEnergieErn\u00e4hrung und VerdauungFortpflanzung und EntwicklungGenetikKommunikationKr\u00e4fteLeben aus gr\u00fcnen PflanzenLebenserscheinungen bei Mensch und TierMagnetismusStoffeUnsere Welt, ein vernetztes SystemWasser als LebensgrundlageWelt um unsPlanung Im Laufe der Arbeit entstand die Idee, die Arbeitsunterlagen allen interessierten Lehrpersonen zur Verf\u00fcgung zu stellen. Die Arbeitsunterlagen mit377 Textdateien auf 1662 Seiten und 1157 Illustrationen wurden auf einer CD (ohne Illustrationen), sp\u00e4ter auf einer DVD inkl. Illustrationen von Markus H\u00e4usler, ver\u00f6ffentlicht. Die Textdateien sind editierbar (MS Word), die Illustrationen k\u00f6nnen beliebig eingesetzt werden (jpg-Format, tiff-Format).<\/p>\n","protected":false},"author":1,"featured_media":381,"parent":0,"menu_order":0,"comment_status":"closed","ping_status":"closed","template":"","meta":{"ngg_post_thumbnail":0,"footnotes":""},"class_list":["post-2","page","type-page","status-publish","has-post-thumbnail","hentry"],"acf":[],"_links":{"self":[{"href":"https:\/\/eduna.ch\/index.php\/wp-json\/wp\/v2\/pages\/2","targetHints":{"allow":["GET"]}}],"collection":[{"href":"https:\/\/eduna.ch\/index.php\/wp-json\/wp\/v2\/pages"}],"about":[{"href":"https:\/\/eduna.ch\/index.php\/wp-json\/wp\/v2\/types\/page"}],"author":[{"embeddable":true,"href":"https:\/\/eduna.ch\/index.php\/wp-json\/wp\/v2\/users\/1"}],"replies":[{"embeddable":true,"href":"https:\/\/eduna.ch\/index.php\/wp-json\/wp\/v2\/comments?post=2"}],"version-history":[{"count":14,"href":"https:\/\/eduna.ch\/index.php\/wp-json\/wp\/v2\/pages\/2\/revisions"}],"predecessor-version":[{"id":397,"href":"https:\/\/eduna.ch\/index.php\/wp-json\/wp\/v2\/pages\/2\/revisions\/397"}],"wp:featuredmedia":[{"embeddable":true,"href":"https:\/\/eduna.ch\/index.php\/wp-json\/wp\/v2\/media\/381"}],"wp:attachment":[{"href":"https:\/\/eduna.ch\/index.php\/wp-json\/wp\/v2\/media?parent=2"}],"curies":[{"name":"wp","href":"https:\/\/api.w.org\/{rel}","templated":true}]}}