{"id":398,"date":"2021-02-13T16:21:14","date_gmt":"2021-02-13T16:21:14","guid":{"rendered":"https:\/\/eduna.ch\/?page_id=398"},"modified":"2022-11-14T11:10:02","modified_gmt":"2022-11-14T11:10:02","slug":"arbeitsunterlagen","status":"publish","type":"page","link":"https:\/\/eduna.ch\/index.php\/arbeitsunterlagen\/","title":{"rendered":"Arbeitsunterlagen"},"content":{"rendered":"\n<p>Die <strong>Themen <\/strong>und <strong>Unterthemen <\/strong>sind gegliedert in <br><strong>Arbeitspl\u00e4tter <\/strong>(AB), <strong>Bilder<\/strong>, <strong>Hinweis<\/strong>, <strong>Lektionen<\/strong>, <strong>L\u00f6sungen<\/strong>, <strong>Test<\/strong>.<\/p>\n\n\n\n<div class=\"wp-block-columns is-layout-flex wp-container-core-columns-is-layout-9d6595d7 wp-block-columns-is-layout-flex\">\n<div class=\"wp-block-column is-layout-flow wp-block-column-is-layout-flow\">\n<figure class=\"wp-block-table\"><table><tbody><tr><td class=\"has-text-align-center\" data-align=\"center\"><a href=\"https:\/\/eduna.ch\/wp-content\/uploads\/2021\/02\/Antriebsformen-und-Bewegung.zip\">Antriebsformen und Bewegung<\/a><br>mit<br>Fliegen &#8211; Menschenkunde &#8211; Werkstatt<\/td><\/tr><tr><td class=\"has-text-align-center\" data-align=\"center\"><a href=\"https:\/\/eduna.ch\/wp-content\/uploads\/2021\/02\/Elektrizitaet.zip\">Elektrizit\u00e4t<\/a><\/td><\/tr><tr><td class=\"has-text-align-center\" data-align=\"center\"><a href=\"https:\/\/eduna.ch\/wp-content\/uploads\/2021\/02\/Energie-1.zip\">Energie<\/a><\/td><\/tr><tr><td class=\"has-text-align-center\" data-align=\"center\"><a href=\"https:\/\/eduna.ch\/wp-content\/uploads\/2021\/02\/Ernaehrung-und-Verdauung-1.zip\">Ern\u00e4hrung und Verdauung<\/a><\/td><\/tr><tr><td class=\"has-text-align-center\" data-align=\"center\"><a href=\"https:\/\/eduna.ch\/wp-content\/uploads\/2021\/02\/Fortpflanzung-und-Entwicklung.zip\">Fortpflanzung und Entwicklung<\/a><\/td><\/tr><tr><td class=\"has-text-align-center\" data-align=\"center\"><a href=\"https:\/\/eduna.ch\/wp-content\/uploads\/2021\/02\/Genetik.zip\">Genetik<\/a><\/td><\/tr><tr><td class=\"has-text-align-center\" data-align=\"center\"><a href=\"https:\/\/eduna.ch\/wp-content\/uploads\/2021\/02\/Kommunikation-1.zip\">Kommunikation<\/a><\/td><\/tr><tr><td class=\"has-text-align-center\" data-align=\"center\"><a href=\"https:\/\/eduna.ch\/wp-content\/uploads\/2022\/11\/Kraefte.zip\">Kr\u00e4fte<\/a><\/td><\/tr><tr><td class=\"has-text-align-center\" data-align=\"center\"><a href=\"https:\/\/eduna.ch\/wp-content\/uploads\/2021\/02\/Leben-aus-gruenen-Pflanzen.zip\">Leben aus gr\u00fcnen Pflanzen<\/a><\/td><\/tr><tr><td class=\"has-text-align-center\" data-align=\"center\"><a href=\"https:\/\/eduna.ch\/wp-content\/uploads\/2021\/02\/Lebenserscheinungen-bei-Mensch-und-Tier-1.zip\">Lebenserscheinungen bei Mensch und Tier<\/a><\/td><\/tr><tr><td class=\"has-text-align-center\" data-align=\"center\"><a href=\"https:\/\/eduna.ch\/wp-content\/uploads\/2021\/02\/Magnetismus.zip\">Magnetismus<\/a><\/td><\/tr><tr><td class=\"has-text-align-center\" data-align=\"center\"><a href=\"https:\/\/eduna.ch\/wp-content\/uploads\/2021\/02\/Stoffe-1.zip\">Stoffe<\/a><\/td><\/tr><tr><td class=\"has-text-align-center\" data-align=\"center\"><a href=\"https:\/\/eduna.ch\/wp-content\/uploads\/2021\/02\/Unsere-Welt-ein-vernetztes-System-1.zip\">Unsere Welt, ein vernetztes System<\/a><br>mit<br>Landbau &#8211; Wald &#8211; Wasser<\/td><\/tr><tr><td class=\"has-text-align-center\" data-align=\"center\"><a href=\"https:\/\/eduna.ch\/wp-content\/uploads\/2021\/02\/Wasser-als-Lebensgrundlage-1.zip\">Wasser als Lebensgrundlage<\/a><\/td><\/tr><tr><td class=\"has-text-align-center\" data-align=\"center\"><a href=\"https:\/\/eduna.ch\/wp-content\/uploads\/2021\/02\/Welt-um-uns-1.zip\">Welt um uns<\/a><\/td><\/tr><\/tbody><\/table><\/figure>\n\n\n\n<p><\/p>\n<\/div>\n<\/div>\n","protected":false},"excerpt":{"rendered":"<p>Die Themen und Unterthemen sind gegliedert in Arbeitspl\u00e4tter (AB), Bilder, Hinweis, Lektionen, L\u00f6sungen, Test. Antriebsformen und BewegungmitFliegen &#8211; Menschenkunde &#8211; Werkstatt Elektrizit\u00e4t Energie Ern\u00e4hrung und Verdauung Fortpflanzung und Entwicklung Genetik Kommunikation Kr\u00e4fte Leben aus gr\u00fcnen Pflanzen Lebenserscheinungen bei Mensch und Tier Magnetismus Stoffe Unsere Welt, ein vernetztes SystemmitLandbau &#8211; Wald &#8211; Wasser Wasser als Lebensgrundlage Welt um uns<\/p>\n","protected":false},"author":1,"featured_media":0,"parent":0,"menu_order":0,"comment_status":"closed","ping_status":"closed","template":"","meta":{"ngg_post_thumbnail":0,"footnotes":""},"class_list":["post-398","page","type-page","status-publish","hentry"],"acf":[],"_links":{"self":[{"href":"https:\/\/eduna.ch\/index.php\/wp-json\/wp\/v2\/pages\/398","targetHints":{"allow":["GET"]}}],"collection":[{"href":"https:\/\/eduna.ch\/index.php\/wp-json\/wp\/v2\/pages"}],"about":[{"href":"https:\/\/eduna.ch\/index.php\/wp-json\/wp\/v2\/types\/page"}],"author":[{"embeddable":true,"href":"https:\/\/eduna.ch\/index.php\/wp-json\/wp\/v2\/users\/1"}],"replies":[{"embeddable":true,"href":"https:\/\/eduna.ch\/index.php\/wp-json\/wp\/v2\/comments?post=398"}],"version-history":[{"count":25,"href":"https:\/\/eduna.ch\/index.php\/wp-json\/wp\/v2\/pages\/398\/revisions"}],"predecessor-version":[{"id":504,"href":"https:\/\/eduna.ch\/index.php\/wp-json\/wp\/v2\/pages\/398\/revisions\/504"}],"wp:attachment":[{"href":"https:\/\/eduna.ch\/index.php\/wp-json\/wp\/v2\/media?parent=398"}],"curies":[{"name":"wp","href":"https:\/\/api.w.org\/{rel}","templated":true}]}}