{"id":434,"date":"2021-02-17T14:29:46","date_gmt":"2021-02-17T14:29:46","guid":{"rendered":"https:\/\/eduna.ch\/?page_id=434"},"modified":"2021-02-17T15:19:27","modified_gmt":"2021-02-17T15:19:27","slug":"planung","status":"publish","type":"page","link":"https:\/\/eduna.ch\/index.php\/planung\/","title":{"rendered":"Planung"},"content":{"rendered":"\n<h6 class=\"has-text-align-center wp-block-heading\">Stoffverteilungspl\u00e4ne<\/h6>\n\n\n\n<figure class=\"wp-block-table\"><table><tbody><tr><td class=\"has-text-align-center\" data-align=\"center\"><a href=\"https:\/\/eduna.ch\/wp-content\/uploads\/2021\/02\/Stoffverteilungsplan-7.-Klasse.docx\" target=\"_blank\" rel=\"noreferrer noopener\">7. Klasse<\/a><\/td><td class=\"has-text-align-center\" data-align=\"center\"><a href=\"https:\/\/eduna.ch\/wp-content\/uploads\/2021\/02\/Stoffverteilungsplan-8.-Klasse.docx\" target=\"_blank\" rel=\"noreferrer noopener\">8. Klasse<\/a><\/td><td class=\"has-text-align-center\" data-align=\"center\"><a href=\"https:\/\/eduna.ch\/wp-content\/uploads\/2021\/02\/Stoffverteilungsplan-9.-Klasse.docx\" target=\"_blank\" rel=\"noreferrer noopener\">9. Klasse<\/a><\/td><\/tr><\/tbody><\/table><\/figure>\n\n\n\n<h6 class=\"has-text-align-center wp-block-heading\">Material<\/h6>\n\n\n\n<figure class=\"wp-block-table\"><table><tbody><tr><td class=\"has-text-align-center\" data-align=\"center\"><a href=\"https:\/\/eduna.ch\/wp-content\/uploads\/2021\/02\/Material.docx\" target=\"_blank\" rel=\"noreferrer noopener\">Ger\u00e4tschaften, Medien, Chemikalien f\u00fcr den Naturlehre-Unterricht<\/a><\/td><\/tr><\/tbody><\/table><\/figure>\n\n\n\n<h6 class=\"has-text-align-center wp-block-heading\">Lernziele<\/h6>\n\n\n\n<figure class=\"wp-block-table\"><table><tbody><tr><td class=\"has-text-align-center\" data-align=\"center\"><a href=\"https:\/\/eduna.ch\/wp-content\/uploads\/2021\/02\/Energie.zip\" target=\"_blank\" rel=\"noreferrer noopener\">Energie<\/a><\/td><td class=\"has-text-align-center\" data-align=\"center\"><a href=\"https:\/\/eduna.ch\/wp-content\/uploads\/2021\/02\/Ernaehrung-und-Verdauung.zip\" target=\"_blank\" rel=\"noreferrer noopener\">Ern\u00e4hrung und Verdauung<\/a><\/td><td class=\"has-text-align-center\" data-align=\"center\"><a href=\"https:\/\/eduna.ch\/wp-content\/uploads\/2021\/02\/Kommunikation.zip\" target=\"_blank\" rel=\"noreferrer noopener\">Kommunikation<\/a><\/td><\/tr><tr><td class=\"has-text-align-center\" data-align=\"center\"><a href=\"https:\/\/eduna.ch\/wp-content\/uploads\/2021\/02\/Kraefte.zip\" target=\"_blank\" rel=\"noreferrer noopener\">Kr\u00e4fte<\/a><\/td><td class=\"has-text-align-center\" data-align=\"center\"><a href=\"https:\/\/eduna.ch\/wp-content\/uploads\/2021\/02\/Lebenserscheinungen-bei-Mensch-und-Tier.zip\" target=\"_blank\" rel=\"noreferrer noopener\">Lebenserscheinungen bei Mensch und Tier<\/a><\/td><td class=\"has-text-align-center\" data-align=\"center\"><a href=\"https:\/\/eduna.ch\/wp-content\/uploads\/2021\/02\/Stoffe.zip\" target=\"_blank\" rel=\"noreferrer noopener\">Stoffe<\/a><\/td><\/tr><tr><td class=\"has-text-align-center\" data-align=\"center\"><a href=\"https:\/\/eduna.ch\/wp-content\/uploads\/2021\/02\/Unsere-Welt-ein-vernetztes-System.zip\" target=\"_blank\" rel=\"noreferrer noopener\">Unsere Welt, ein vernetztes System<\/a><\/td><td class=\"has-text-align-center\" data-align=\"center\"><a href=\"https:\/\/eduna.ch\/wp-content\/uploads\/2021\/02\/Wasser-als-Lebensgrundlage.zip\" target=\"_blank\" rel=\"noreferrer noopener\">Wasser als Lebensgrundlage<\/a><\/td><td class=\"has-text-align-center\" data-align=\"center\"><a href=\"https:\/\/eduna.ch\/wp-content\/uploads\/2021\/02\/Welt-um-uns.zip\" target=\"_blank\" rel=\"noreferrer noopener\">Welt um uns<\/a><\/td><\/tr><\/tbody><\/table><\/figure>\n\n\n\n<h6 class=\"has-text-align-center wp-block-heading\">Systematik der Tiere<\/h6>\n\n\n\n<figure class=\"wp-block-table\"><table><tbody><tr><td class=\"has-text-align-center\" data-align=\"center\"><a href=\"https:\/\/eduna.ch\/wp-content\/uploads\/2021\/02\/Systematik-der-Tiere-1.docx\" target=\"_blank\" rel=\"noreferrer noopener\">Teil 1<\/a><\/td><td class=\"has-text-align-center\" data-align=\"center\"><a href=\"https:\/\/eduna.ch\/wp-content\/uploads\/2021\/02\/Systematik-der-Tiere-2.docx\" target=\"_blank\" rel=\"noreferrer noopener\">Teil 2<\/a><\/td><\/tr><\/tbody><\/table><\/figure>\n","protected":false},"excerpt":{"rendered":"<p>Stoffverteilungspl\u00e4ne 7. Klasse 8. Klasse 9. Klasse Material Ger\u00e4tschaften, Medien, Chemikalien f\u00fcr den Naturlehre-Unterricht Lernziele Energie Ern\u00e4hrung und Verdauung Kommunikation Kr\u00e4fte Lebenserscheinungen bei Mensch und Tier Stoffe Unsere Welt, ein vernetztes System Wasser als Lebensgrundlage Welt um uns Systematik der Tiere Teil 1 Teil 2<\/p>\n","protected":false},"author":1,"featured_media":0,"parent":0,"menu_order":0,"comment_status":"closed","ping_status":"closed","template":"","meta":{"ngg_post_thumbnail":0,"footnotes":""},"class_list":["post-434","page","type-page","status-publish","hentry"],"acf":[],"_links":{"self":[{"href":"https:\/\/eduna.ch\/index.php\/wp-json\/wp\/v2\/pages\/434","targetHints":{"allow":["GET"]}}],"collection":[{"href":"https:\/\/eduna.ch\/index.php\/wp-json\/wp\/v2\/pages"}],"about":[{"href":"https:\/\/eduna.ch\/index.php\/wp-json\/wp\/v2\/types\/page"}],"author":[{"embeddable":true,"href":"https:\/\/eduna.ch\/index.php\/wp-json\/wp\/v2\/users\/1"}],"replies":[{"embeddable":true,"href":"https:\/\/eduna.ch\/index.php\/wp-json\/wp\/v2\/comments?post=434"}],"version-history":[{"count":8,"href":"https:\/\/eduna.ch\/index.php\/wp-json\/wp\/v2\/pages\/434\/revisions"}],"predecessor-version":[{"id":466,"href":"https:\/\/eduna.ch\/index.php\/wp-json\/wp\/v2\/pages\/434\/revisions\/466"}],"wp:attachment":[{"href":"https:\/\/eduna.ch\/index.php\/wp-json\/wp\/v2\/media?parent=434"}],"curies":[{"name":"wp","href":"https:\/\/api.w.org\/{rel}","templated":true}]}}